{"id":149,"date":"2023-09-05T06:42:52","date_gmt":"2023-09-05T06:42:52","guid":{"rendered":"https:\/\/tunis-wp.ibthemespro.com\/?page_id=149"},"modified":"2025-08-26T02:08:47","modified_gmt":"2025-08-26T00:08:47","slug":"homepage","status":"publish","type":"page","link":"https:\/\/retailzons.com\/","title":{"rendered":"Retailzons"},"content":{"rendered":"\t\t<div data-elementor-type=\"wp-page\" data-elementor-id=\"149\" class=\"elementor elementor-149\">\n\t\t\t\t\t\t<section class=\"elementor-section elementor-top-section elementor-element elementor-element-c9b9d70 elementor-section-full_width elementor-section-stretched elementor-section-content-middle elementor-section-height-full elementor-section-height-default elementor-section-items-middle\" data-id=\"c9b9d70\" data-element_type=\"section\" data-settings=\"{&quot;stretch_section&quot;:&quot;section-stretched&quot;}\">\n\t\t\t\t\t\t<div class=\"elementor-container elementor-column-gap-default\">\n\t\t\t\t\t<div class=\"elementor-column elementor-col-100 elementor-top-column elementor-element elementor-element-bd67760\" data-id=\"bd67760\" data-element_type=\"column\">\n\t\t\t<div class=\"elementor-widget-wrap elementor-element-populated\">\n\t\t\t\t\t\t<div class=\"elementor-element elementor-element-e7139f4 elementor-widget elementor-widget-tunis-hero-profiles\" data-id=\"e7139f4\" data-element_type=\"widget\" data-widget_type=\"tunis-hero-profiles.default\">\n\t\t\t\t<div class=\"elementor-widget-container\">\n\t\t\t\t\t\n\t\t<!-- Main Content Starts -->\n\t\t<section class=\"container-fluid main-container container-home p-0 revealator-slideup revealator-once revealator-delay1\">\n\t\t\t<div class=\"color-block d-none d-lg-block\"><\/div>\n\t\t\t<div class=\"row home-details-container align-items-center\">\n\t\t\t\t<div class=\"col-lg-4 bg position-fixed d-none d-lg-block\" style=\"background-image:url(https:\/\/retailzons.com\/wp-content\/uploads\/2024\/08\/white-z-kolkiem.png)\"><\/div>\n\t\t\t\t<div class=\"col-12 col-lg-8 offset-lg-4 home-details text-left text-sm-center text-lg-left\">\n\t\t\t\t\t<div class=\"text-sm-center text-lg-start\">\n\t\t\t\t\t\t<div class=\"main-img-mobile d-lg-none d-block \">\n\t\t\t\t\t\t<img decoding=\"async\" src=\"https:\/\/retailzons.com\/wp-content\/uploads\/2024\/08\/white-z-kolkiem.png\" class=\"img-fluid\" alt=\"my picture\" \/>\n\t\t\t\t\t\t<\/div>\n\t\t\t\t\t\t<h1 class=\"text-uppercase poppins-font\">zwi\u0119kszamy rentowno\u015b\u0107 w kanale <span>retail.<\/span><\/h1>\n\t\t\t\t\t\t<p class=\"open-sans-font\"><p><span style=\"font-weight: 400;\">Specjalizujemy si\u0119 w transformacji modelu biznesowego w kanale retail, poprzez monetyzacj\u0119 powierzchni reklamowych online i offline, otwieraj\u0105c przed naszymi partnerami potencja\u0142 sprzeda\u017cy retail media.<\/span><\/p><\/p>\n\t\t\t\t\t\t<a class=\"button\" href=\"\">\n\t\t\t\t\t\t\t<span class=\"button-text\">Dowiedz si\u0119 wi\u0119cej<\/span>\n\t\t\t\t\t\t\t<span class=\"button-icon fas fa-arrow-right\"><\/span>\n\t\t\t\t\t\t<\/a>\n\t\t\t\t\t<\/div>\n\t\t\t\t<\/div>\n\t\t\t<\/div>\n\t\t<\/section>\n\t\t<!-- Main Content Ends --> \t\t\t\t<\/div>\n\t\t\t\t<\/div>\n\t\t\t\t\t<\/div>\n\t\t<\/div>\n\t\t\t\t\t<\/div>\n\t\t<\/section>\n\t\t\t\t<\/div>\n\t\t","protected":false},"excerpt":{"rendered":"<p>zwi\u0119kszamy rentowno\u015b\u0107 w kanale retail. Specjalizujemy si\u0119 w transformacji modelu biznesowego w kanale retail, poprzez monetyzacj\u0119 powierzchni reklamowych online i offline, otwieraj\u0105c przed naszymi partnerami potencja\u0142 sprzeda\u017cy retail media. Dowiedz si\u0119 wi\u0119cej<\/p>\n","protected":false},"author":1,"featured_media":0,"parent":0,"menu_order":0,"comment_status":"closed","ping_status":"closed","template":"","meta":{"footnotes":""},"class_list":["post-149","page","type-page","status-publish","hentry"],"_links":{"self":[{"href":"https:\/\/retailzons.com\/index.php?rest_route=\/wp\/v2\/pages\/149","targetHints":{"allow":["GET"]}}],"collection":[{"href":"https:\/\/retailzons.com\/index.php?rest_route=\/wp\/v2\/pages"}],"about":[{"href":"https:\/\/retailzons.com\/index.php?rest_route=\/wp\/v2\/types\/page"}],"author":[{"embeddable":true,"href":"https:\/\/retailzons.com\/index.php?rest_route=\/wp\/v2\/users\/1"}],"replies":[{"embeddable":true,"href":"https:\/\/retailzons.com\/index.php?rest_route=%2Fwp%2Fv2%2Fcomments&post=149"}],"version-history":[{"count":10,"href":"https:\/\/retailzons.com\/index.php?rest_route=\/wp\/v2\/pages\/149\/revisions"}],"predecessor-version":[{"id":2213,"href":"https:\/\/retailzons.com\/index.php?rest_route=\/wp\/v2\/pages\/149\/revisions\/2213"}],"wp:attachment":[{"href":"https:\/\/retailzons.com\/index.php?rest_route=%2Fwp%2Fv2%2Fmedia&parent=149"}],"curies":[{"name":"wp","href":"https:\/\/api.w.org\/{rel}","templated":true}]}}